{"id":2,"date":"2024-06-01T16:50:53","date_gmt":"2024-06-01T16:50:53","guid":{"rendered":"https:\/\/nrb.ttm.mybluehost.me\/?page_id=2"},"modified":"2025-09-11T10:56:33","modified_gmt":"2025-09-11T10:56:33","slug":"sobre","status":"publish","type":"page","link":"https:\/\/nrb.ttm.mybluehost.me\/pt\/about\/","title":{"rendered":"Sobre a SALT"},"content":{"rendered":"<p>O que h\u00e1 de errado com os encontros crist\u00e3os?! Tens dois extremos. Num extremo, tens pessoas rotuladas como \"crist\u00e3s\" que namoram tal como o mundo faz. S\u00e3o os tipos da tua Igreja Chade que partem cora\u00e7\u00f5es e ignoram limites ao longo do caminho. Depois, no outro extremo, tens a sobre-espiritualiza\u00e7\u00e3o do namoro. Estes crist\u00e3os compram um anel depois do seu terceiro encontro para tomar caf\u00e9 e d\u00e3o o seu primeiro beijo no casamento. N\u00f3s, que estamos no meio, sentimo-nos um pouco perdidos. Como \u00e9 que devemos namorar como crist\u00e3os? O que \u00e9 que a B\u00edblia tem a dizer sobre o namoro?<\/p>\n\n\n\n<h2 class=\"wp-block-heading\" id=\"h-salt-christian-dating-app\">SALT Christian Dating App<\/h2>\n\n\n\n<p>O que achas de n\u00f3s? Quem somos n\u00f3s? <a href=\"https:\/\/www.be-salt.com\/\" target=\"_blank\" rel=\"noreferrer noopener\">SALGADO<\/a> foi fundado para proporcionar uma melhor forma de os crist\u00e3os se encontrarem, namorarem e casarem. A nossa miss\u00e3o \u00e9 servir e facilitar as viagens de relacionamento dos mais de 500 milh\u00f5es de crist\u00e3os adultos solteiros em todo o mundo. E n\u00f3s somos pessoas normais e realistas que amam Jesus. Pensamos que os encontros crist\u00e3os se fazem melhor em comunidade. N\u00e3o estamos aqui para te dizer o que fazer. Criamos oportunidades para que os crist\u00e3os solteiros se conectem e conversem. Por isso, junta-te \u00e0 conversa!<\/p>\n\n\n\n<h2 class=\"wp-block-heading\" id=\"h-you-want-to-do-dating-better\">Queres namorar melhor<\/h2>\n\n\n\n<p>Se \u00e9s um crist\u00e3o solteiro que espera encontrar um c\u00f4njuge um dia, este blogue \u00e9 para ti. Sabemos que a solteirice na igreja pode ser uma seca. O casamento \u00e9 colocado num pedestal. Tamb\u00e9m sabemos que namorar \u00e9 duro! Mas se o fizeres em conjunto \u00e9 melhor.<\/p>\n\n\n\n<p>Por isso, pega numa ch\u00e1vena de ch\u00e1. Senta-te e l\u00ea. Porque n\u00e3o come\u00e7as com <a href=\"https:\/\/nrb.ttm.mybluehost.me\/pt\/conselhos-para-encontros-cristaos-que-correram-mal\/\" target=\"_blank\" rel=\"noreferrer noopener\">Conselhos de namoro crist\u00e3os que deram errado<\/a>.<\/p>\n\n\n\n<p>A SALT est\u00e1 agora dispon\u00edvel nos EUA, Reino Unido, Austr\u00e1lia, Nova Zel\u00e2ndia, \u00c1frica do Sul, Canad\u00e1, Israel, Coreia do Sul, Jap\u00e3o, Brasil, Irlanda, Alemanha, Su\u00ed\u00e7a, \u00c1ustria, Espanha, Fran\u00e7a, B\u00e9lgica, Luxemburgo, Noruega, Su\u00e9cia, Dinamarca, Finl\u00e2ndia, It\u00e1lia, Portugal, Cro\u00e1cia, Let\u00f3nia, Isl\u00e2ndia, Hungria, Rom\u00e9nia, Mold\u00e1via, Turquia, Pol\u00f3nia, Rep\u00fablica Checa, Eslov\u00e1quia, Eslov\u00e9nia, Bulg\u00e1ria, Litu\u00e2nia, Singapura, Filipinas, M\u00e9xico, Argentina, Col\u00f4mbia, Equador, Paraguai, Peru, Venezuela, Bol\u00edvia e Chile e em breve estar\u00e1 dispon\u00edvel para ti!<\/p>\n\n\n\n<p>Por que n\u00e3o? <a href=\"https:\/\/onelink.to\/websiteurl\" target=\"_blank\" rel=\"noreferrer noopener\">descarrega SALT<\/a> para conheceres crist\u00e3os solteiros encantadores hoje mesmo!<\/p>\n\n\n\n<h2 class=\"wp-block-heading\" id=\"h-latest-offers\">\u00daltimas ofertas<\/h2>\n\n\n\n<p>Agora podes comprar a tua subscri\u00e7\u00e3o premium no nosso site para poupares at\u00e9 30%. A SALT \u00e9 gratuita para te juntares, jogares e conversares, mas podes desbloquear muitas funcionalidades interessantes com uma <a href=\"https:\/\/www.be-salt.com\/premium\" target=\"_blank\" rel=\"noreferrer noopener\">subscri\u00e7\u00e3o premium<\/a> incluindo a pesquisa global, ver quem gostou de ti e o modo inc\u00f3gnito (s\u00f3 podes ser visto pelas pessoas de quem gostaste).<\/p>","protected":false},"excerpt":{"rendered":"<p>What&#8217;s WRONG with Christian dating?! You get two extremes. At one end you have people labelled as &#8216;Christians&#8217; dating just as the world does. They are your Church Chad types breaking hearts and ignoring boundaries along the way. Then at the other end you get over-spiritualising dating. These Christians buy a ring after their third [&hellip;]<\/p>\n","protected":false},"author":6,"featured_media":93,"parent":0,"menu_order":0,"comment_status":"closed","ping_status":"closed","template":"","meta":{"footnotes":""},"class_list":["post-2","page","type-page","status-publish","has-post-thumbnail","hentry"],"yoast_head":"<!-- This site is optimized with the Yoast SEO Premium plugin v27.2 (Yoast SEO v27.3) - https:\/\/yoast.com\/product\/yoast-seo-premium-wordpress\/ -->\n<title>About SALT - SALT &amp; Life<\/title>\n<meta name=\"description\" content=\"About us (SALT Christian Dating App Blog). Christian dating is hard! Read along to do the Christian dating journey with friends.\" \/>\n<meta name=\"robots\" content=\"index, follow, max-snippet:-1, max-image-preview:large, max-video-preview:-1\" \/>\n<link rel=\"canonical\" href=\"https:\/\/nrb.ttm.mybluehost.me\/pt\/sobre\/\" \/>\n<meta property=\"og:locale\" content=\"pt_PT\" \/>\n<meta property=\"og:type\" content=\"article\" \/>\n<meta property=\"og:title\" content=\"About SALT\" \/>\n<meta property=\"og:description\" content=\"About us (SALT Christian Dating App Blog). Christian dating is hard! Read along to do the Christian dating journey with friends.\" \/>\n<meta property=\"og:url\" content=\"https:\/\/nrb.ttm.mybluehost.me\/pt\/sobre\/\" \/>\n<meta property=\"og:site_name\" content=\"SALT &amp; Life\" \/>\n<meta property=\"article:publisher\" content=\"https:\/\/www.facebook.com\/profile.php?id=100063615338189\" \/>\n<meta property=\"article:modified_time\" content=\"2025-09-11T10:56:33+00:00\" \/>\n<meta property=\"og:image\" content=\"https:\/\/nrb.ttm.mybluehost.me\/wp-content\/uploads\/2024\/07\/tea-first-date-scaled.jpg\" \/>\n\t<meta property=\"og:image:width\" content=\"1920\" \/>\n\t<meta property=\"og:image:height\" content=\"1442\" \/>\n\t<meta property=\"og:image:type\" content=\"image\/jpeg\" \/>\n<meta name=\"twitter:card\" content=\"summary_large_image\" \/>\n<meta name=\"twitter:site\" content=\"@SALTDating\" \/>\n<meta name=\"twitter:label1\" content=\"Tempo estimado de leitura\" \/>\n\t<meta name=\"twitter:data1\" content=\"2 minutos\" \/>\n<script type=\"application\/ld+json\" class=\"yoast-schema-graph\">{\"@context\":\"https:\\\/\\\/schema.org\",\"@graph\":[{\"@type\":\"WebPage\",\"@id\":\"https:\\\/\\\/nrb.ttm.mybluehost.me\\\/about\\\/\",\"url\":\"https:\\\/\\\/nrb.ttm.mybluehost.me\\\/about\\\/\",\"name\":\"About SALT - SALT &amp; Life\",\"isPartOf\":{\"@id\":\"https:\\\/\\\/nrb.ttm.mybluehost.me\\\/#website\"},\"primaryImageOfPage\":{\"@id\":\"https:\\\/\\\/nrb.ttm.mybluehost.me\\\/about\\\/#primaryimage\"},\"image\":{\"@id\":\"https:\\\/\\\/nrb.ttm.mybluehost.me\\\/about\\\/#primaryimage\"},\"thumbnailUrl\":\"https:\\\/\\\/nrb.ttm.mybluehost.me\\\/wp-content\\\/uploads\\\/2024\\\/07\\\/tea-first-date-scaled.jpg\",\"datePublished\":\"2024-06-01T16:50:53+00:00\",\"dateModified\":\"2025-09-11T10:56:33+00:00\",\"description\":\"About us (SALT Christian Dating App Blog). Christian dating is hard! Read along to do the Christian dating journey with friends.\",\"breadcrumb\":{\"@id\":\"https:\\\/\\\/nrb.ttm.mybluehost.me\\\/about\\\/#breadcrumb\"},\"inLanguage\":\"pt-PT\",\"potentialAction\":[{\"@type\":\"ReadAction\",\"target\":[\"https:\\\/\\\/nrb.ttm.mybluehost.me\\\/about\\\/\"]}]},{\"@type\":\"ImageObject\",\"inLanguage\":\"pt-PT\",\"@id\":\"https:\\\/\\\/nrb.ttm.mybluehost.me\\\/about\\\/#primaryimage\",\"url\":\"https:\\\/\\\/nrb.ttm.mybluehost.me\\\/wp-content\\\/uploads\\\/2024\\\/07\\\/tea-first-date-scaled.jpg\",\"contentUrl\":\"https:\\\/\\\/nrb.ttm.mybluehost.me\\\/wp-content\\\/uploads\\\/2024\\\/07\\\/tea-first-date-scaled.jpg\",\"width\":1920,\"height\":1442,\"caption\":\"Cafe perfect for christian dating\"},{\"@type\":\"BreadcrumbList\",\"@id\":\"https:\\\/\\\/nrb.ttm.mybluehost.me\\\/about\\\/#breadcrumb\",\"itemListElement\":[{\"@type\":\"ListItem\",\"position\":1,\"name\":\"Home\",\"item\":\"https:\\\/\\\/nrb.ttm.mybluehost.me\\\/\"},{\"@type\":\"ListItem\",\"position\":2,\"name\":\"About SALT\"}]},{\"@type\":\"WebSite\",\"@id\":\"https:\\\/\\\/nrb.ttm.mybluehost.me\\\/#website\",\"url\":\"https:\\\/\\\/nrb.ttm.mybluehost.me\\\/\",\"name\":\"Christian Dating with SALT\",\"description\":\"Godly dating advice for single Christians by SALT\",\"publisher\":{\"@id\":\"https:\\\/\\\/nrb.ttm.mybluehost.me\\\/#organization\"},\"potentialAction\":[{\"@type\":\"SearchAction\",\"target\":{\"@type\":\"EntryPoint\",\"urlTemplate\":\"https:\\\/\\\/nrb.ttm.mybluehost.me\\\/?s={search_term_string}\"},\"query-input\":{\"@type\":\"PropertyValueSpecification\",\"valueRequired\":true,\"valueName\":\"search_term_string\"}}],\"inLanguage\":\"pt-PT\"},{\"@type\":[\"Organization\",\"Place\"],\"@id\":\"https:\\\/\\\/nrb.ttm.mybluehost.me\\\/#organization\",\"name\":\"SALT\",\"url\":\"https:\\\/\\\/nrb.ttm.mybluehost.me\\\/\",\"logo\":{\"@id\":\"https:\\\/\\\/nrb.ttm.mybluehost.me\\\/about\\\/#local-main-organization-logo\"},\"image\":{\"@id\":\"https:\\\/\\\/nrb.ttm.mybluehost.me\\\/about\\\/#local-main-organization-logo\"},\"sameAs\":[\"https:\\\/\\\/www.facebook.com\\\/profile.php?id=100063615338189\",\"https:\\\/\\\/x.com\\\/SALTDating\",\"https:\\\/\\\/www.instagram.com\\\/be_salt\\\/\",\"https:\\\/\\\/www.youtube.com\\\/@be_salt\",\"https:\\\/\\\/www.tiktok.com\\\/@ex_salt_him\",\"https:\\\/\\\/www.be-salt.com\"],\"telephone\":[],\"openingHoursSpecification\":[{\"@type\":\"OpeningHoursSpecification\",\"dayOfWeek\":[\"Monday\",\"Tuesday\",\"Wednesday\",\"Thursday\",\"Friday\",\"Saturday\",\"Sunday\"],\"opens\":\"09:00\",\"closes\":\"17:00\"}]},{\"@type\":\"ImageObject\",\"inLanguage\":\"pt-PT\",\"@id\":\"https:\\\/\\\/nrb.ttm.mybluehost.me\\\/about\\\/#local-main-organization-logo\",\"url\":\"https:\\\/\\\/nrb.ttm.mybluehost.me\\\/wp-content\\\/uploads\\\/2024\\\/07\\\/SALTLOGO.png\",\"contentUrl\":\"https:\\\/\\\/nrb.ttm.mybluehost.me\\\/wp-content\\\/uploads\\\/2024\\\/07\\\/SALTLOGO.png\",\"width\":350,\"height\":100,\"caption\":\"SALT\"}]}<\/script>\n<!-- \/ Yoast SEO Premium plugin. -->","yoast_head_json":{"title":"Sobre a SALT - SALT &amp; Life","description":"Sobre n\u00f3s (SALT Christian Dating App Blog). O namoro crist\u00e3o \u00e9 dif\u00edcil! L\u00ea para fazeres a viagem dos encontros crist\u00e3os com amigos.","robots":{"index":"index","follow":"follow","max-snippet":"max-snippet:-1","max-image-preview":"max-image-preview:large","max-video-preview":"max-video-preview:-1"},"canonical":"https:\/\/nrb.ttm.mybluehost.me\/pt\/sobre\/","og_locale":"pt_PT","og_type":"article","og_title":"About SALT","og_description":"About us (SALT Christian Dating App Blog). Christian dating is hard! Read along to do the Christian dating journey with friends.","og_url":"https:\/\/nrb.ttm.mybluehost.me\/pt\/sobre\/","og_site_name":"SALT &amp; Life","article_publisher":"https:\/\/www.facebook.com\/profile.php?id=100063615338189","article_modified_time":"2025-09-11T10:56:33+00:00","og_image":[{"width":1920,"height":1442,"url":"https:\/\/nrb.ttm.mybluehost.me\/wp-content\/uploads\/2024\/07\/tea-first-date-scaled.jpg","type":"image\/jpeg"}],"twitter_card":"summary_large_image","twitter_site":"@SALTDating","twitter_misc":{"Tempo estimado de leitura":"2 minutos"},"schema":{"@context":"https:\/\/schema.org","@graph":[{"@type":"WebPage","@id":"https:\/\/nrb.ttm.mybluehost.me\/about\/","url":"https:\/\/nrb.ttm.mybluehost.me\/about\/","name":"Sobre a SALT - SALT &amp; Life","isPartOf":{"@id":"https:\/\/nrb.ttm.mybluehost.me\/#website"},"primaryImageOfPage":{"@id":"https:\/\/nrb.ttm.mybluehost.me\/about\/#primaryimage"},"image":{"@id":"https:\/\/nrb.ttm.mybluehost.me\/about\/#primaryimage"},"thumbnailUrl":"https:\/\/nrb.ttm.mybluehost.me\/wp-content\/uploads\/2024\/07\/tea-first-date-scaled.jpg","datePublished":"2024-06-01T16:50:53+00:00","dateModified":"2025-09-11T10:56:33+00:00","description":"Sobre n\u00f3s (SALT Christian Dating App Blog). O namoro crist\u00e3o \u00e9 dif\u00edcil! L\u00ea para fazeres a viagem dos encontros crist\u00e3os com amigos.","breadcrumb":{"@id":"https:\/\/nrb.ttm.mybluehost.me\/about\/#breadcrumb"},"inLanguage":"pt-PT","potentialAction":[{"@type":"ReadAction","target":["https:\/\/nrb.ttm.mybluehost.me\/about\/"]}]},{"@type":"ImageObject","inLanguage":"pt-PT","@id":"https:\/\/nrb.ttm.mybluehost.me\/about\/#primaryimage","url":"https:\/\/nrb.ttm.mybluehost.me\/wp-content\/uploads\/2024\/07\/tea-first-date-scaled.jpg","contentUrl":"https:\/\/nrb.ttm.mybluehost.me\/wp-content\/uploads\/2024\/07\/tea-first-date-scaled.jpg","width":1920,"height":1442,"caption":"Cafe perfect for christian dating"},{"@type":"BreadcrumbList","@id":"https:\/\/nrb.ttm.mybluehost.me\/about\/#breadcrumb","itemListElement":[{"@type":"ListItem","position":1,"name":"Home","item":"https:\/\/nrb.ttm.mybluehost.me\/"},{"@type":"ListItem","position":2,"name":"About SALT"}]},{"@type":"WebSite","@id":"https:\/\/nrb.ttm.mybluehost.me\/#website","url":"https:\/\/nrb.ttm.mybluehost.me\/","name":"Namoro crist\u00e3o com a SALT","description":"Conselhos divinos para crist\u00e3os solteiros da SALT","publisher":{"@id":"https:\/\/nrb.ttm.mybluehost.me\/#organization"},"potentialAction":[{"@type":"SearchAction","target":{"@type":"EntryPoint","urlTemplate":"https:\/\/nrb.ttm.mybluehost.me\/?s={search_term_string}"},"query-input":{"@type":"PropertyValueSpecification","valueRequired":true,"valueName":"search_term_string"}}],"inLanguage":"pt-PT"},{"@type":["Organization","Place"],"@id":"https:\/\/nrb.ttm.mybluehost.me\/#organization","name":"SALGADO","url":"https:\/\/nrb.ttm.mybluehost.me\/","logo":{"@id":"https:\/\/nrb.ttm.mybluehost.me\/about\/#local-main-organization-logo"},"image":{"@id":"https:\/\/nrb.ttm.mybluehost.me\/about\/#local-main-organization-logo"},"sameAs":["https:\/\/www.facebook.com\/profile.php?id=100063615338189","https:\/\/x.com\/SALTDating","https:\/\/www.instagram.com\/be_salt\/","https:\/\/www.youtube.com\/@be_salt","https:\/\/www.tiktok.com\/@ex_salt_him","https:\/\/www.be-salt.com"],"telephone":[],"openingHoursSpecification":[{"@type":"OpeningHoursSpecification","dayOfWeek":["Monday","Tuesday","Wednesday","Thursday","Friday","Saturday","Sunday"],"opens":"09:00","closes":"17:00"}]},{"@type":"ImageObject","inLanguage":"pt-PT","@id":"https:\/\/nrb.ttm.mybluehost.me\/about\/#local-main-organization-logo","url":"https:\/\/nrb.ttm.mybluehost.me\/wp-content\/uploads\/2024\/07\/SALTLOGO.png","contentUrl":"https:\/\/nrb.ttm.mybluehost.me\/wp-content\/uploads\/2024\/07\/SALTLOGO.png","width":350,"height":100,"caption":"SALT"}]}},"jetpack_sharing_enabled":true,"_links":{"self":[{"href":"https:\/\/nrb.ttm.mybluehost.me\/pt\/wp-json\/wp\/v2\/pages\/2","targetHints":{"allow":["GET"]}}],"collection":[{"href":"https:\/\/nrb.ttm.mybluehost.me\/pt\/wp-json\/wp\/v2\/pages"}],"about":[{"href":"https:\/\/nrb.ttm.mybluehost.me\/pt\/wp-json\/wp\/v2\/types\/page"}],"author":[{"embeddable":true,"href":"https:\/\/nrb.ttm.mybluehost.me\/pt\/wp-json\/wp\/v2\/users\/6"}],"replies":[{"embeddable":true,"href":"https:\/\/nrb.ttm.mybluehost.me\/pt\/wp-json\/wp\/v2\/comments?post=2"}],"version-history":[{"count":4,"href":"https:\/\/nrb.ttm.mybluehost.me\/pt\/wp-json\/wp\/v2\/pages\/2\/revisions"}],"predecessor-version":[{"id":3052,"href":"https:\/\/nrb.ttm.mybluehost.me\/pt\/wp-json\/wp\/v2\/pages\/2\/revisions\/3052"}],"wp:featuredmedia":[{"embeddable":true,"href":"https:\/\/nrb.ttm.mybluehost.me\/pt\/wp-json\/wp\/v2\/media\/93"}],"wp:attachment":[{"href":"https:\/\/nrb.ttm.mybluehost.me\/pt\/wp-json\/wp\/v2\/media?parent=2"}],"curies":[{"name":"wp","href":"https:\/\/api.w.org\/{rel}","templated":true}]}}