{"id":2,"date":"2024-06-01T16:50:53","date_gmt":"2024-06-01T16:50:53","guid":{"rendered":"https:\/\/nrb.ttm.mybluehost.me\/?page_id=2"},"modified":"2026-04-09T09:17:23","modified_gmt":"2026-04-09T09:17:23","slug":"o","status":"publish","type":"page","link":"https:\/\/nrb.ttm.mybluehost.me\/pl\/about\/","title":{"rendered":"O SALT"},"content":{"rendered":"<p>Co jest Z\u0141EGO w chrze\u015bcija\u0144skich randkach?! Masz dwie skrajno\u015bci. Na jednym ko\u0144cu masz ludzi okre\u015blanych jako \"chrze\u015bcijanie\", kt\u00f3rzy umawiaj\u0105 si\u0119 tak, jak robi to \u015bwiat. S\u0105 to twoje ko\u015bcielne typy czadu, \u0142ami\u0105ce serca i ignoruj\u0105ce granice po drodze. Na drugim ko\u0144cu masz przesadnie uduchowione randki. Ci chrze\u015bcijanie kupuj\u0105 pier\u015bcionek po trzeciej randce przy kawie i ca\u0142uj\u0105 si\u0119 po raz pierwszy na swoim \u015blubie. Ci z nas, kt\u00f3rzy znajduj\u0105 si\u0119 po\u015brodku, czuj\u0105 si\u0119 nieco zagubieni. Jak powinni\u015bmy umawia\u0107 si\u0119 na randki jako chrze\u015bcijanie? Co Biblia ma do powiedzenia na temat randkowania?<\/p>\n\n\n\n<h2 class=\"wp-block-heading\" id=\"h-salt-christian-dating-app\">Chrze\u015bcija\u0144ska aplikacja randkowa SALT<\/h2>\n\n\n\n<p>Wi\u0119c co z nami? Kim jeste\u015bmy? <a href=\"https:\/\/www.be-salt.com\/\" target=\"_blank\" rel=\"noreferrer noopener\">SALT<\/a> zosta\u0142a za\u0142o\u017cona, aby zapewni\u0107 chrze\u015bcijanom lepszy spos\u00f3b poznawania si\u0119, randkowania i zawierania ma\u0142\u017ce\u0144stw. Nasz\u0105 misj\u0105 jest s\u0142u\u017cenie i umo\u017cliwianie relacji ponad 500 milionom doros\u0142ych chrze\u015bcijan na ca\u0142ym \u015bwiecie. Jeste\u015bmy normalnymi, przyziemnymi lud\u017ami, kt\u00f3rzy kochaj\u0105 Jezusa. Uwa\u017camy, \u017ce chrze\u015bcija\u0144skie randki s\u0105 lepsze we wsp\u00f3lnocie. Nie jeste\u015bmy tu po to, by m\u00f3wi\u0107 Ci, co masz robi\u0107. Tworzymy mo\u017cliwo\u015bci dla samotnych chrze\u015bcijan, aby mogli si\u0119 \u0142\u0105czy\u0107 i rozmawia\u0107. Wi\u0119c do\u0142\u0105cz do rozmowy!<\/p>\n\n\n\n<h2 class=\"wp-block-heading\" id=\"h-you-want-to-do-dating-better\">Chcesz lepiej umawia\u0107 si\u0119 na randki<\/h2>\n\n\n\n<p>Je\u015bli jeste\u015b samotnym chrze\u015bcijaninem, kt\u00f3ry ma nadziej\u0119, \u017ce pewnego dnia znajdzie wsp\u00f3\u0142ma\u0142\u017conka, ten blog jest dla ciebie. Wiemy, \u017ce samotno\u015b\u0107 w ko\u015bciele mo\u017ce by\u0107 do bani. Ma\u0142\u017ce\u0144stwo jest stawiane na piedestale. Wiemy te\u017c, \u017ce randkowanie jest trudne! Ale robienie tego razem jest lepsze.<\/p>\n\n\n\n<p>Wi\u0119c we\u017a fili\u017cank\u0119 herbaty. Usi\u0105d\u017a i czytaj. Dlaczego nie zacz\u0105\u0107 od <a href=\"https:\/\/nrb.ttm.mybluehost.me\/pl\/chrzescijanskie-porady-randkowe-poszly-zle\/\" target=\"_blank\" rel=\"noreferrer noopener\">Chrze\u015bcija\u0144skie porady randkowe, kt\u00f3re si\u0119 nie sprawdzi\u0142y<\/a>.<\/p>\n\n\n\n<p>SALT jest ju\u017c dost\u0119pny w Stanach Zjednoczonych, Wielkiej Brytanii, Australii, Nowej Zelandii, Po\u0142udniowej Afryce, Kanadzie, Izraelu, Korei Po\u0142udniowej, Japonii, Brazylii, Irlandii, Niemczech, Szwajcarii, Austrii, Hiszpanii, Francji, Belgii, Luksemburgu, Holandii, Norwegii, Szwecji, Danii, Finlandii, W\u0142oszech, Portugalii, Chorwacji, \u0141otwie, Islandii, W\u0119grzech, Rumunii, Mo\u0142dawii, Grecji, Turcji, Polsce, Czechach, S\u0142owacji, S\u0142owenii, Bu\u0142garii, Litwie, Singapurze, Filipinach, Meksyku, Argentynie, Kolumbii, Ekwadorze, Paragwaju, Peru, Wenezueli, Boliwii i Chile, a wkr\u00f3tce dotrze tak\u017ce do Ciebie!<\/p>\n\n\n\n<p>Dlaczego nie? <a href=\"https:\/\/onelink.to\/websiteurl\" target=\"_blank\" rel=\"noreferrer noopener\">pobierz SALT<\/a> aby pozna\u0107 uroczych, samotnych chrze\u015bcijan ju\u017c dzi\u015b!<\/p>\n\n\n\n<h2 class=\"wp-block-heading\" id=\"h-latest-offers\">Najnowsze oferty<\/h2>\n\n\n\n<p>Mo\u017cesz teraz kupi\u0107 subskrypcj\u0119 premium na naszej stronie internetowej, aby zaoszcz\u0119dzi\u0107 do 30%. SALT jest darmowy do do\u0142\u0105czenia, mecz\u00f3w i czatu, ale mo\u017cesz odblokowa\u0107 mn\u00f3stwo fajnych funkcji z <a href=\"https:\/\/www.be-salt.com\/premium\" target=\"_blank\" rel=\"noreferrer noopener\">subskrypcja premium<\/a> w tym globalne wyszukiwanie, sprawdzanie, kto Ci\u0119 polubi\u0142 i tryb incognito (widoczny tylko dla os\u00f3b, kt\u00f3re polubi\u0142e\u015b).<\/p>","protected":false},"excerpt":{"rendered":"<p>What&#8217;s WRONG with Christian dating?! You get two extremes. At one end you have people labelled as &#8216;Christians&#8217; dating just as the world does. They are your Church Chad types breaking hearts and ignoring boundaries along the way. Then at the other end you get over-spiritualising dating. These Christians buy a ring after their third [&hellip;]<\/p>\n","protected":false},"author":6,"featured_media":93,"parent":0,"menu_order":0,"comment_status":"closed","ping_status":"closed","template":"","meta":{"footnotes":""},"class_list":["post-2","page","type-page","status-publish","has-post-thumbnail","hentry"],"yoast_head":"<!-- This site is optimized with the Yoast SEO Premium plugin v27.6 (Yoast SEO v27.6) - https:\/\/yoast.com\/product\/yoast-seo-premium-wordpress\/ -->\n<title>About SALT - SALT &amp; Life<\/title>\n<meta name=\"description\" content=\"About us (SALT Christian Dating App Blog). Christian dating is hard! Read along to do the Christian dating journey with friends.\" \/>\n<meta name=\"robots\" content=\"index, follow, max-snippet:-1, max-image-preview:large, max-video-preview:-1\" \/>\n<link rel=\"canonical\" href=\"https:\/\/nrb.ttm.mybluehost.me\/pl\/o\/\" \/>\n<meta property=\"og:locale\" content=\"pl_PL\" \/>\n<meta property=\"og:type\" content=\"article\" \/>\n<meta property=\"og:title\" content=\"About SALT\" \/>\n<meta property=\"og:description\" content=\"About us (SALT Christian Dating App Blog). Christian dating is hard! Read along to do the Christian dating journey with friends.\" \/>\n<meta property=\"og:url\" content=\"https:\/\/nrb.ttm.mybluehost.me\/pl\/o\/\" \/>\n<meta property=\"og:site_name\" content=\"SALT &amp; Life\" \/>\n<meta property=\"article:publisher\" content=\"https:\/\/www.facebook.com\/profile.php?id=100063615338189\" \/>\n<meta property=\"article:modified_time\" content=\"2026-04-09T09:17:23+00:00\" \/>\n<meta property=\"og:image\" content=\"https:\/\/nrb.ttm.mybluehost.me\/wp-content\/uploads\/2024\/07\/tea-first-date-scaled.jpg\" \/>\n\t<meta property=\"og:image:width\" content=\"1920\" \/>\n\t<meta property=\"og:image:height\" content=\"1442\" \/>\n\t<meta property=\"og:image:type\" content=\"image\/jpeg\" \/>\n<meta name=\"twitter:card\" content=\"summary_large_image\" \/>\n<meta name=\"twitter:site\" content=\"@SALTDating\" \/>\n<meta name=\"twitter:label1\" content=\"Szacowany czas czytania\" \/>\n\t<meta name=\"twitter:data1\" content=\"2 minuty\" \/>\n<script type=\"application\/ld+json\" class=\"yoast-schema-graph\">{\"@context\":\"https:\\\/\\\/schema.org\",\"@graph\":[{\"@type\":\"WebPage\",\"@id\":\"https:\\\/\\\/nrb.ttm.mybluehost.me\\\/about\\\/\",\"url\":\"https:\\\/\\\/nrb.ttm.mybluehost.me\\\/about\\\/\",\"name\":\"About SALT - SALT &amp; Life\",\"isPartOf\":{\"@id\":\"https:\\\/\\\/nrb.ttm.mybluehost.me\\\/#website\"},\"primaryImageOfPage\":{\"@id\":\"https:\\\/\\\/nrb.ttm.mybluehost.me\\\/about\\\/#primaryimage\"},\"image\":{\"@id\":\"https:\\\/\\\/nrb.ttm.mybluehost.me\\\/about\\\/#primaryimage\"},\"thumbnailUrl\":\"https:\\\/\\\/nrb.ttm.mybluehost.me\\\/wp-content\\\/uploads\\\/2024\\\/07\\\/tea-first-date-scaled.jpg\",\"datePublished\":\"2024-06-01T16:50:53+00:00\",\"dateModified\":\"2026-04-09T09:17:23+00:00\",\"description\":\"About us (SALT Christian Dating App Blog). Christian dating is hard! Read along to do the Christian dating journey with friends.\",\"breadcrumb\":{\"@id\":\"https:\\\/\\\/nrb.ttm.mybluehost.me\\\/about\\\/#breadcrumb\"},\"inLanguage\":\"pl-PL\",\"potentialAction\":[{\"@type\":\"ReadAction\",\"target\":[\"https:\\\/\\\/nrb.ttm.mybluehost.me\\\/about\\\/\"]}]},{\"@type\":\"ImageObject\",\"inLanguage\":\"pl-PL\",\"@id\":\"https:\\\/\\\/nrb.ttm.mybluehost.me\\\/about\\\/#primaryimage\",\"url\":\"https:\\\/\\\/nrb.ttm.mybluehost.me\\\/wp-content\\\/uploads\\\/2024\\\/07\\\/tea-first-date-scaled.jpg\",\"contentUrl\":\"https:\\\/\\\/nrb.ttm.mybluehost.me\\\/wp-content\\\/uploads\\\/2024\\\/07\\\/tea-first-date-scaled.jpg\",\"width\":1920,\"height\":1442,\"caption\":\"Cafe perfect for christian dating\"},{\"@type\":\"BreadcrumbList\",\"@id\":\"https:\\\/\\\/nrb.ttm.mybluehost.me\\\/about\\\/#breadcrumb\",\"itemListElement\":[{\"@type\":\"ListItem\",\"position\":1,\"name\":\"Home\",\"item\":\"https:\\\/\\\/nrb.ttm.mybluehost.me\\\/\"},{\"@type\":\"ListItem\",\"position\":2,\"name\":\"About SALT\"}]},{\"@type\":\"WebSite\",\"@id\":\"https:\\\/\\\/nrb.ttm.mybluehost.me\\\/#website\",\"url\":\"https:\\\/\\\/nrb.ttm.mybluehost.me\\\/\",\"name\":\"Christian Dating with SALT\",\"description\":\"Godly dating advice for single Christians by SALT\",\"publisher\":{\"@id\":\"https:\\\/\\\/nrb.ttm.mybluehost.me\\\/#organization\"},\"potentialAction\":[{\"@type\":\"SearchAction\",\"target\":{\"@type\":\"EntryPoint\",\"urlTemplate\":\"https:\\\/\\\/nrb.ttm.mybluehost.me\\\/?s={search_term_string}\"},\"query-input\":{\"@type\":\"PropertyValueSpecification\",\"valueRequired\":true,\"valueName\":\"search_term_string\"}}],\"inLanguage\":\"pl-PL\"},{\"@type\":[\"Organization\",\"Place\"],\"@id\":\"https:\\\/\\\/nrb.ttm.mybluehost.me\\\/#organization\",\"name\":\"SALT\",\"url\":\"https:\\\/\\\/nrb.ttm.mybluehost.me\\\/\",\"logo\":{\"@id\":\"https:\\\/\\\/nrb.ttm.mybluehost.me\\\/about\\\/#local-main-organization-logo\"},\"image\":{\"@id\":\"https:\\\/\\\/nrb.ttm.mybluehost.me\\\/about\\\/#local-main-organization-logo\"},\"sameAs\":[\"https:\\\/\\\/www.facebook.com\\\/profile.php?id=100063615338189\",\"https:\\\/\\\/x.com\\\/SALTDating\",\"https:\\\/\\\/www.instagram.com\\\/be_salt\\\/\",\"https:\\\/\\\/www.youtube.com\\\/@be_salt\",\"https:\\\/\\\/www.tiktok.com\\\/@ex_salt_him\",\"https:\\\/\\\/www.be-salt.com\"],\"telephone\":[],\"openingHoursSpecification\":[{\"@type\":\"OpeningHoursSpecification\",\"dayOfWeek\":[\"Monday\",\"Tuesday\",\"Wednesday\",\"Thursday\",\"Friday\",\"Saturday\",\"Sunday\"],\"opens\":\"09:00\",\"closes\":\"17:00\"}]},{\"@type\":\"ImageObject\",\"inLanguage\":\"pl-PL\",\"@id\":\"https:\\\/\\\/nrb.ttm.mybluehost.me\\\/about\\\/#local-main-organization-logo\",\"url\":\"https:\\\/\\\/nrb.ttm.mybluehost.me\\\/wp-content\\\/uploads\\\/2024\\\/07\\\/SALTLOGO.png\",\"contentUrl\":\"https:\\\/\\\/nrb.ttm.mybluehost.me\\\/wp-content\\\/uploads\\\/2024\\\/07\\\/SALTLOGO.png\",\"width\":350,\"height\":100,\"caption\":\"SALT\"}]}<\/script>\n<!-- \/ Yoast SEO Premium plugin. -->","yoast_head_json":{"title":"O SALT - SALT &amp; Life","description":"O nas (SALT Christian Dating App Blog). Chrze\u015bcija\u0144skie randki s\u0105 trudne! Czytaj dalej, aby odby\u0107 chrze\u015bcija\u0144sk\u0105 podr\u00f3\u017c randkow\u0105 z przyjaci\u00f3\u0142mi.","robots":{"index":"index","follow":"follow","max-snippet":"max-snippet:-1","max-image-preview":"max-image-preview:large","max-video-preview":"max-video-preview:-1"},"canonical":"https:\/\/nrb.ttm.mybluehost.me\/pl\/o\/","og_locale":"pl_PL","og_type":"article","og_title":"About SALT","og_description":"About us (SALT Christian Dating App Blog). Christian dating is hard! Read along to do the Christian dating journey with friends.","og_url":"https:\/\/nrb.ttm.mybluehost.me\/pl\/o\/","og_site_name":"SALT &amp; Life","article_publisher":"https:\/\/www.facebook.com\/profile.php?id=100063615338189","article_modified_time":"2026-04-09T09:17:23+00:00","og_image":[{"width":1920,"height":1442,"url":"https:\/\/nrb.ttm.mybluehost.me\/wp-content\/uploads\/2024\/07\/tea-first-date-scaled.jpg","type":"image\/jpeg"}],"twitter_card":"summary_large_image","twitter_site":"@SALTDating","twitter_misc":{"Szacowany czas czytania":"2 minuty"},"schema":{"@context":"https:\/\/schema.org","@graph":[{"@type":"WebPage","@id":"https:\/\/nrb.ttm.mybluehost.me\/about\/","url":"https:\/\/nrb.ttm.mybluehost.me\/about\/","name":"O SALT - SALT &amp; Life","isPartOf":{"@id":"https:\/\/nrb.ttm.mybluehost.me\/#website"},"primaryImageOfPage":{"@id":"https:\/\/nrb.ttm.mybluehost.me\/about\/#primaryimage"},"image":{"@id":"https:\/\/nrb.ttm.mybluehost.me\/about\/#primaryimage"},"thumbnailUrl":"https:\/\/nrb.ttm.mybluehost.me\/wp-content\/uploads\/2024\/07\/tea-first-date-scaled.jpg","datePublished":"2024-06-01T16:50:53+00:00","dateModified":"2026-04-09T09:17:23+00:00","description":"O nas (SALT Christian Dating App Blog). Chrze\u015bcija\u0144skie randki s\u0105 trudne! Czytaj dalej, aby odby\u0107 chrze\u015bcija\u0144sk\u0105 podr\u00f3\u017c randkow\u0105 z przyjaci\u00f3\u0142mi.","breadcrumb":{"@id":"https:\/\/nrb.ttm.mybluehost.me\/about\/#breadcrumb"},"inLanguage":"pl-PL","potentialAction":[{"@type":"ReadAction","target":["https:\/\/nrb.ttm.mybluehost.me\/about\/"]}]},{"@type":"ImageObject","inLanguage":"pl-PL","@id":"https:\/\/nrb.ttm.mybluehost.me\/about\/#primaryimage","url":"https:\/\/nrb.ttm.mybluehost.me\/wp-content\/uploads\/2024\/07\/tea-first-date-scaled.jpg","contentUrl":"https:\/\/nrb.ttm.mybluehost.me\/wp-content\/uploads\/2024\/07\/tea-first-date-scaled.jpg","width":1920,"height":1442,"caption":"Cafe perfect for christian dating"},{"@type":"BreadcrumbList","@id":"https:\/\/nrb.ttm.mybluehost.me\/about\/#breadcrumb","itemListElement":[{"@type":"ListItem","position":1,"name":"Home","item":"https:\/\/nrb.ttm.mybluehost.me\/"},{"@type":"ListItem","position":2,"name":"About SALT"}]},{"@type":"WebSite","@id":"https:\/\/nrb.ttm.mybluehost.me\/#website","url":"https:\/\/nrb.ttm.mybluehost.me\/","name":"Chrze\u015bcija\u0144skie randki z SALT","description":"Boskie porady randkowe dla samotnych chrze\u015bcijan od SALT","publisher":{"@id":"https:\/\/nrb.ttm.mybluehost.me\/#organization"},"potentialAction":[{"@type":"SearchAction","target":{"@type":"EntryPoint","urlTemplate":"https:\/\/nrb.ttm.mybluehost.me\/?s={search_term_string}"},"query-input":{"@type":"PropertyValueSpecification","valueRequired":true,"valueName":"search_term_string"}}],"inLanguage":"pl-PL"},{"@type":["Organization","Place"],"@id":"https:\/\/nrb.ttm.mybluehost.me\/#organization","name":"SALT","url":"https:\/\/nrb.ttm.mybluehost.me\/","logo":{"@id":"https:\/\/nrb.ttm.mybluehost.me\/about\/#local-main-organization-logo"},"image":{"@id":"https:\/\/nrb.ttm.mybluehost.me\/about\/#local-main-organization-logo"},"sameAs":["https:\/\/www.facebook.com\/profile.php?id=100063615338189","https:\/\/x.com\/SALTDating","https:\/\/www.instagram.com\/be_salt\/","https:\/\/www.youtube.com\/@be_salt","https:\/\/www.tiktok.com\/@ex_salt_him","https:\/\/www.be-salt.com"],"telephone":[],"openingHoursSpecification":[{"@type":"OpeningHoursSpecification","dayOfWeek":["Monday","Tuesday","Wednesday","Thursday","Friday","Saturday","Sunday"],"opens":"09:00","closes":"17:00"}]},{"@type":"ImageObject","inLanguage":"pl-PL","@id":"https:\/\/nrb.ttm.mybluehost.me\/about\/#local-main-organization-logo","url":"https:\/\/nrb.ttm.mybluehost.me\/wp-content\/uploads\/2024\/07\/SALTLOGO.png","contentUrl":"https:\/\/nrb.ttm.mybluehost.me\/wp-content\/uploads\/2024\/07\/SALTLOGO.png","width":350,"height":100,"caption":"SALT"}]}},"jetpack_sharing_enabled":true,"_links":{"self":[{"href":"https:\/\/nrb.ttm.mybluehost.me\/pl\/wp-json\/wp\/v2\/pages\/2","targetHints":{"allow":["GET"]}}],"collection":[{"href":"https:\/\/nrb.ttm.mybluehost.me\/pl\/wp-json\/wp\/v2\/pages"}],"about":[{"href":"https:\/\/nrb.ttm.mybluehost.me\/pl\/wp-json\/wp\/v2\/types\/page"}],"author":[{"embeddable":true,"href":"https:\/\/nrb.ttm.mybluehost.me\/pl\/wp-json\/wp\/v2\/users\/6"}],"replies":[{"embeddable":true,"href":"https:\/\/nrb.ttm.mybluehost.me\/pl\/wp-json\/wp\/v2\/comments?post=2"}],"version-history":[{"count":5,"href":"https:\/\/nrb.ttm.mybluehost.me\/pl\/wp-json\/wp\/v2\/pages\/2\/revisions"}],"predecessor-version":[{"id":3266,"href":"https:\/\/nrb.ttm.mybluehost.me\/pl\/wp-json\/wp\/v2\/pages\/2\/revisions\/3266"}],"wp:featuredmedia":[{"embeddable":true,"href":"https:\/\/nrb.ttm.mybluehost.me\/pl\/wp-json\/wp\/v2\/media\/93"}],"wp:attachment":[{"href":"https:\/\/nrb.ttm.mybluehost.me\/pl\/wp-json\/wp\/v2\/media?parent=2"}],"curies":[{"name":"wp","href":"https:\/\/api.w.org\/{rel}","templated":true}]}}