{"id":2,"date":"2024-06-01T16:50:53","date_gmt":"2024-06-01T16:50:53","guid":{"rendered":"https:\/\/nrb.ttm.mybluehost.me\/?page_id=2"},"modified":"2026-04-09T09:17:23","modified_gmt":"2026-04-09T09:17:23","slug":"apie","status":"publish","type":"page","link":"https:\/\/nrb.ttm.mybluehost.me\/lt\/about\/","title":{"rendered":"Apie SALT"},"content":{"rendered":"<p>Kas blogai su krik\u0161\u010dioni\u0161komis pa\u017eintimis?! J\u016bs gaunate du kra\u0161tutinumus. Viename gale yra \u017emon\u0117s, vadinami krik\u0161\u010dionimis, kurie susitikin\u0117ja taip, kaip tai daro visas pasaulis. Tai j\u016bs\u0173 Ba\u017eny\u010dios \u010cado tipai, lau\u017eantys \u0161irdis ir nepaisantys rib\u0173. Kitame gale yra pernelyg dvasingos pa\u017eintys. \u0160ie krik\u0161\u010dionys po tre\u010dio pasimatymo prie kavos puodelio nusiperka \u017eied\u0105 ir pirm\u0105 kart\u0105 pabu\u010diuoja per vestuves. Tie, kurie yra per vidur\u012f, jau\u010diasi \u0161iek tiek pasimet\u0119. Kaip tur\u0117tume susitikin\u0117ti kaip krik\u0161\u010dionys? K\u0105 Biblija sako apie pasimatymus?<\/p>\n\n\n\n<h2 class=\"wp-block-heading\" id=\"h-salt-christian-dating-app\">SALT Krik\u0161\u010dioni\u0173 pa\u017ein\u010di\u0173 programa<\/h2>\n\n\n\n<p>O kaip su mumis? Kas mes esame? <a href=\"https:\/\/www.be-salt.com\/\" target=\"_blank\" rel=\"noreferrer noopener\">SALT<\/a> buvo \u012fkurta siekiant suteikti krik\u0161\u010dionims geresn\u012f b\u016bd\u0105 susipa\u017einti, susitikin\u0117ti ir tuoktis. M\u016bs\u0173 misija - tarnauti daugiau nei 500 milijon\u0173 vieni\u0161\u0173 suaugusi\u0173 krik\u0161\u010dioni\u0173 visame pasaulyje ir pad\u0117ti jiems u\u017emegzti santykius. Esame normal\u016bs, \u017eemi\u0161ki \u017emon\u0117s, mylintys J\u0117z\u0173. Manome, kad krik\u0161\u010dioni\u0161kos pa\u017eintys geriau vyksta bendruomen\u0117je. Mes nesame \u010dia tam, kad nurodin\u0117tume jums, k\u0105 daryti. Kuriame galimybes vieni\u0161iems krik\u0161\u010dionims bendrauti ir kalb\u0117tis. Tad prisijunkite prie pokalbio!<\/p>\n\n\n\n<h2 class=\"wp-block-heading\" id=\"h-you-want-to-do-dating-better\">Norite geriau skirti pa\u017ein\u010di\u0173<\/h2>\n\n\n\n<p>Jei esate vieni\u0161as krik\u0161\u010dionis, kuris tikisi kada nors susirasti sutuoktin\u012f, \u0161is tinklara\u0161tis skirtas jums. Mes \u017einome, kad vienatv\u0117 Ba\u017eny\u010dioje gali b\u016bti baisi. Santuoka i\u0161keliama ant pjedestalo. Taip pat \u017einome, kad pasimatymai yra sunk\u016bs! Ta\u010diau kartu tai daryti yra geriau.<\/p>\n\n\n\n<p>Taigi griebkite puodel\u012f arbatos. Atsis\u0117skite ir skaitykite. Kod\u0117l neprad\u0117jus nuo <a href=\"https:\/\/nrb.ttm.mybluehost.me\/lt\/krikscioniski-pazinciu-patarimai-kurie-nuejo-perniek\/\" target=\"_blank\" rel=\"noreferrer noopener\">Krik\u0161\u010dioni\u0161ki pa\u017ein\u010di\u0173 patarimai, kurie nu\u0117jo perniek<\/a>.<\/p>\n\n\n\n<p>SALT jau veikia JAV, Jungtin\u0117je Karalyst\u0117je, Australijoje, Naujojoje Zelandijoje, Piet\u0173 Afrikoje, Kanadoje, Izraelyje, Piet\u0173 Kor\u0117joje, Japonijoje, Brazilijoje, Airijoje, Vokietijoje, \u0160veicarijoje, Austrijoje, Ispanijoje, Pranc\u016bzijoje, Belgijoje, Liuksemburge, Nyderlanduose, Norvegijoje, \u0160vedijoje, Danijoje, Suomijoje, Italijoje, Portugalijoje, Kroatijoje, Latvijoje, Islandijoje, Vengrijoje, Rumunijoje, Moldovoje, Graikijoje, Turkijoje, Lenkijoje, \u010cekijoje, Slovakijoje, Slov\u0117nijoje, Bulgarijoje, Lietuvoje, Singap\u016bre, Filipinuose, Meksikoje, Argentinoje, Kolumbijoje, Ekvadore, Paragvajuje, Peru, Venesueloje, Bolivijoje ir \u010cil\u0117je.<\/p>\n\n\n\n<p>Kod\u0117l ne <a href=\"https:\/\/onelink.to\/websiteurl\" target=\"_blank\" rel=\"noreferrer noopener\">atsisi\u0173sti SALT<\/a> susitikti su nuostabiais vieni\u0161ais krik\u0161\u010dionimis \u0161iandien!<\/p>\n\n\n\n<h2 class=\"wp-block-heading\" id=\"h-latest-offers\">Naujausi pasi\u016blymai<\/h2>\n\n\n\n<p>Dabar galite \u012fsigyti auk\u0161\u010diausios kokyb\u0117s prenumerat\u0105 m\u016bs\u0173 svetain\u0117je ir sutaupyti iki 30%. Prie SALT galima prisijungti, \u017eaisti rungtynes ir bendrauti nemokamai, ta\u010diau galite atrakinti daugyb\u0119 puiki\u0173 funkcij\u0173 <a href=\"https:\/\/www.be-salt.com\/premium\" target=\"_blank\" rel=\"noreferrer noopener\">auk\u0161\u010diausios kokyb\u0117s prenumerata<\/a> \u012fskaitant visuotin\u0119 paie\u0161k\u0105, matym\u0105, kas jus pam\u0117go, ir inkognito re\u017eim\u0105 (matys tik tie, kuriuos pam\u0117gote).<\/p>","protected":false},"excerpt":{"rendered":"<p>What&#8217;s WRONG with Christian dating?! You get two extremes. At one end you have people labelled as &#8216;Christians&#8217; dating just as the world does. They are your Church Chad types breaking hearts and ignoring boundaries along the way. Then at the other end you get over-spiritualising dating. These Christians buy a ring after their third [&hellip;]<\/p>\n","protected":false},"author":6,"featured_media":93,"parent":0,"menu_order":0,"comment_status":"closed","ping_status":"closed","template":"","meta":{"footnotes":""},"class_list":["post-2","page","type-page","status-publish","has-post-thumbnail","hentry"],"yoast_head":"<!-- This site is optimized with the Yoast SEO Premium plugin v27.5 (Yoast SEO v27.6) - https:\/\/yoast.com\/product\/yoast-seo-premium-wordpress\/ -->\n<title>About SALT - SALT &amp; Life<\/title>\n<meta name=\"description\" content=\"About us (SALT Christian Dating App Blog). Christian dating is hard! Read along to do the Christian dating journey with friends.\" \/>\n<meta name=\"robots\" content=\"index, follow, max-snippet:-1, max-image-preview:large, max-video-preview:-1\" \/>\n<link rel=\"canonical\" href=\"https:\/\/nrb.ttm.mybluehost.me\/lt\/apie\/\" \/>\n<meta property=\"og:locale\" content=\"lt_LT\" \/>\n<meta property=\"og:type\" content=\"article\" \/>\n<meta property=\"og:title\" content=\"About SALT\" \/>\n<meta property=\"og:description\" content=\"About us (SALT Christian Dating App Blog). Christian dating is hard! Read along to do the Christian dating journey with friends.\" \/>\n<meta property=\"og:url\" content=\"https:\/\/nrb.ttm.mybluehost.me\/lt\/apie\/\" \/>\n<meta property=\"og:site_name\" content=\"SALT &amp; Life\" \/>\n<meta property=\"article:publisher\" content=\"https:\/\/www.facebook.com\/profile.php?id=100063615338189\" \/>\n<meta property=\"article:modified_time\" content=\"2026-04-09T09:17:23+00:00\" \/>\n<meta property=\"og:image\" content=\"https:\/\/nrb.ttm.mybluehost.me\/wp-content\/uploads\/2024\/07\/tea-first-date-scaled.jpg\" \/>\n\t<meta property=\"og:image:width\" content=\"1920\" \/>\n\t<meta property=\"og:image:height\" content=\"1442\" \/>\n\t<meta property=\"og:image:type\" content=\"image\/jpeg\" \/>\n<meta name=\"twitter:card\" content=\"summary_large_image\" \/>\n<meta name=\"twitter:site\" content=\"@SALTDating\" \/>\n<meta name=\"twitter:label1\" content=\"Est. reading time\" \/>\n\t<meta name=\"twitter:data1\" content=\"2 minut\u0117s\" \/>\n<script type=\"application\/ld+json\" class=\"yoast-schema-graph\">{\"@context\":\"https:\\\/\\\/schema.org\",\"@graph\":[{\"@type\":\"WebPage\",\"@id\":\"https:\\\/\\\/nrb.ttm.mybluehost.me\\\/about\\\/\",\"url\":\"https:\\\/\\\/nrb.ttm.mybluehost.me\\\/about\\\/\",\"name\":\"About SALT - SALT &amp; Life\",\"isPartOf\":{\"@id\":\"https:\\\/\\\/nrb.ttm.mybluehost.me\\\/#website\"},\"primaryImageOfPage\":{\"@id\":\"https:\\\/\\\/nrb.ttm.mybluehost.me\\\/about\\\/#primaryimage\"},\"image\":{\"@id\":\"https:\\\/\\\/nrb.ttm.mybluehost.me\\\/about\\\/#primaryimage\"},\"thumbnailUrl\":\"https:\\\/\\\/nrb.ttm.mybluehost.me\\\/wp-content\\\/uploads\\\/2024\\\/07\\\/tea-first-date-scaled.jpg\",\"datePublished\":\"2024-06-01T16:50:53+00:00\",\"dateModified\":\"2026-04-09T09:17:23+00:00\",\"description\":\"About us (SALT Christian Dating App Blog). Christian dating is hard! Read along to do the Christian dating journey with friends.\",\"breadcrumb\":{\"@id\":\"https:\\\/\\\/nrb.ttm.mybluehost.me\\\/about\\\/#breadcrumb\"},\"inLanguage\":\"lt-LT\",\"potentialAction\":[{\"@type\":\"ReadAction\",\"target\":[\"https:\\\/\\\/nrb.ttm.mybluehost.me\\\/about\\\/\"]}]},{\"@type\":\"ImageObject\",\"inLanguage\":\"lt-LT\",\"@id\":\"https:\\\/\\\/nrb.ttm.mybluehost.me\\\/about\\\/#primaryimage\",\"url\":\"https:\\\/\\\/nrb.ttm.mybluehost.me\\\/wp-content\\\/uploads\\\/2024\\\/07\\\/tea-first-date-scaled.jpg\",\"contentUrl\":\"https:\\\/\\\/nrb.ttm.mybluehost.me\\\/wp-content\\\/uploads\\\/2024\\\/07\\\/tea-first-date-scaled.jpg\",\"width\":1920,\"height\":1442,\"caption\":\"Cafe perfect for christian dating\"},{\"@type\":\"BreadcrumbList\",\"@id\":\"https:\\\/\\\/nrb.ttm.mybluehost.me\\\/about\\\/#breadcrumb\",\"itemListElement\":[{\"@type\":\"ListItem\",\"position\":1,\"name\":\"Home\",\"item\":\"https:\\\/\\\/nrb.ttm.mybluehost.me\\\/\"},{\"@type\":\"ListItem\",\"position\":2,\"name\":\"About SALT\"}]},{\"@type\":\"WebSite\",\"@id\":\"https:\\\/\\\/nrb.ttm.mybluehost.me\\\/#website\",\"url\":\"https:\\\/\\\/nrb.ttm.mybluehost.me\\\/\",\"name\":\"Christian Dating with SALT\",\"description\":\"Godly dating advice for single Christians by SALT\",\"publisher\":{\"@id\":\"https:\\\/\\\/nrb.ttm.mybluehost.me\\\/#organization\"},\"potentialAction\":[{\"@type\":\"SearchAction\",\"target\":{\"@type\":\"EntryPoint\",\"urlTemplate\":\"https:\\\/\\\/nrb.ttm.mybluehost.me\\\/?s={search_term_string}\"},\"query-input\":{\"@type\":\"PropertyValueSpecification\",\"valueRequired\":true,\"valueName\":\"search_term_string\"}}],\"inLanguage\":\"lt-LT\"},{\"@type\":[\"Organization\",\"Place\"],\"@id\":\"https:\\\/\\\/nrb.ttm.mybluehost.me\\\/#organization\",\"name\":\"SALT\",\"url\":\"https:\\\/\\\/nrb.ttm.mybluehost.me\\\/\",\"logo\":{\"@id\":\"https:\\\/\\\/nrb.ttm.mybluehost.me\\\/about\\\/#local-main-organization-logo\"},\"image\":{\"@id\":\"https:\\\/\\\/nrb.ttm.mybluehost.me\\\/about\\\/#local-main-organization-logo\"},\"sameAs\":[\"https:\\\/\\\/www.facebook.com\\\/profile.php?id=100063615338189\",\"https:\\\/\\\/x.com\\\/SALTDating\",\"https:\\\/\\\/www.instagram.com\\\/be_salt\\\/\",\"https:\\\/\\\/www.youtube.com\\\/@be_salt\",\"https:\\\/\\\/www.tiktok.com\\\/@ex_salt_him\",\"https:\\\/\\\/www.be-salt.com\"],\"telephone\":[],\"openingHoursSpecification\":[{\"@type\":\"OpeningHoursSpecification\",\"dayOfWeek\":[\"Monday\",\"Tuesday\",\"Wednesday\",\"Thursday\",\"Friday\",\"Saturday\",\"Sunday\"],\"opens\":\"09:00\",\"closes\":\"17:00\"}]},{\"@type\":\"ImageObject\",\"inLanguage\":\"lt-LT\",\"@id\":\"https:\\\/\\\/nrb.ttm.mybluehost.me\\\/about\\\/#local-main-organization-logo\",\"url\":\"https:\\\/\\\/nrb.ttm.mybluehost.me\\\/wp-content\\\/uploads\\\/2024\\\/07\\\/SALTLOGO.png\",\"contentUrl\":\"https:\\\/\\\/nrb.ttm.mybluehost.me\\\/wp-content\\\/uploads\\\/2024\\\/07\\\/SALTLOGO.png\",\"width\":350,\"height\":100,\"caption\":\"SALT\"}]}<\/script>\n<!-- \/ Yoast SEO Premium plugin. -->","yoast_head_json":{"title":"Apie SALT - SALT ir gyvenimas","description":"Apie mus (SALT Christian Dating App Blog). Krik\u0161\u010dioni\u0173 pa\u017eintys yra sunku! Skaitykite kartu ir leiskit\u0117s \u012f krik\u0161\u010dioni\u0161k\u0173 pa\u017ein\u010di\u0173 kelion\u0119 su draugais.","robots":{"index":"index","follow":"follow","max-snippet":"max-snippet:-1","max-image-preview":"max-image-preview:large","max-video-preview":"max-video-preview:-1"},"canonical":"https:\/\/nrb.ttm.mybluehost.me\/lt\/apie\/","og_locale":"lt_LT","og_type":"article","og_title":"About SALT","og_description":"About us (SALT Christian Dating App Blog). Christian dating is hard! Read along to do the Christian dating journey with friends.","og_url":"https:\/\/nrb.ttm.mybluehost.me\/lt\/apie\/","og_site_name":"SALT &amp; Life","article_publisher":"https:\/\/www.facebook.com\/profile.php?id=100063615338189","article_modified_time":"2026-04-09T09:17:23+00:00","og_image":[{"width":1920,"height":1442,"url":"https:\/\/nrb.ttm.mybluehost.me\/wp-content\/uploads\/2024\/07\/tea-first-date-scaled.jpg","type":"image\/jpeg"}],"twitter_card":"summary_large_image","twitter_site":"@SALTDating","twitter_misc":{"Est. reading time":"2 minut\u0117s"},"schema":{"@context":"https:\/\/schema.org","@graph":[{"@type":"WebPage","@id":"https:\/\/nrb.ttm.mybluehost.me\/about\/","url":"https:\/\/nrb.ttm.mybluehost.me\/about\/","name":"Apie SALT - SALT ir gyvenimas","isPartOf":{"@id":"https:\/\/nrb.ttm.mybluehost.me\/#website"},"primaryImageOfPage":{"@id":"https:\/\/nrb.ttm.mybluehost.me\/about\/#primaryimage"},"image":{"@id":"https:\/\/nrb.ttm.mybluehost.me\/about\/#primaryimage"},"thumbnailUrl":"https:\/\/nrb.ttm.mybluehost.me\/wp-content\/uploads\/2024\/07\/tea-first-date-scaled.jpg","datePublished":"2024-06-01T16:50:53+00:00","dateModified":"2026-04-09T09:17:23+00:00","description":"Apie mus (SALT Christian Dating App Blog). Krik\u0161\u010dioni\u0173 pa\u017eintys yra sunku! Skaitykite kartu ir leiskit\u0117s \u012f krik\u0161\u010dioni\u0161k\u0173 pa\u017ein\u010di\u0173 kelion\u0119 su draugais.","breadcrumb":{"@id":"https:\/\/nrb.ttm.mybluehost.me\/about\/#breadcrumb"},"inLanguage":"lt-LT","potentialAction":[{"@type":"ReadAction","target":["https:\/\/nrb.ttm.mybluehost.me\/about\/"]}]},{"@type":"ImageObject","inLanguage":"lt-LT","@id":"https:\/\/nrb.ttm.mybluehost.me\/about\/#primaryimage","url":"https:\/\/nrb.ttm.mybluehost.me\/wp-content\/uploads\/2024\/07\/tea-first-date-scaled.jpg","contentUrl":"https:\/\/nrb.ttm.mybluehost.me\/wp-content\/uploads\/2024\/07\/tea-first-date-scaled.jpg","width":1920,"height":1442,"caption":"Cafe perfect for christian dating"},{"@type":"BreadcrumbList","@id":"https:\/\/nrb.ttm.mybluehost.me\/about\/#breadcrumb","itemListElement":[{"@type":"ListItem","position":1,"name":"Home","item":"https:\/\/nrb.ttm.mybluehost.me\/"},{"@type":"ListItem","position":2,"name":"About SALT"}]},{"@type":"WebSite","@id":"https:\/\/nrb.ttm.mybluehost.me\/#website","url":"https:\/\/nrb.ttm.mybluehost.me\/","name":"Krik\u0161\u010dioni\u0161kos pa\u017eintys su SALT","description":"Dievi\u0161ki pasimatym\u0173 patarimai vieni\u0161iems krik\u0161\u010dionims pagal SALT","publisher":{"@id":"https:\/\/nrb.ttm.mybluehost.me\/#organization"},"potentialAction":[{"@type":"SearchAction","target":{"@type":"EntryPoint","urlTemplate":"https:\/\/nrb.ttm.mybluehost.me\/?s={search_term_string}"},"query-input":{"@type":"PropertyValueSpecification","valueRequired":true,"valueName":"search_term_string"}}],"inLanguage":"lt-LT"},{"@type":["Organization","Place"],"@id":"https:\/\/nrb.ttm.mybluehost.me\/#organization","name":"SALT","url":"https:\/\/nrb.ttm.mybluehost.me\/","logo":{"@id":"https:\/\/nrb.ttm.mybluehost.me\/about\/#local-main-organization-logo"},"image":{"@id":"https:\/\/nrb.ttm.mybluehost.me\/about\/#local-main-organization-logo"},"sameAs":["https:\/\/www.facebook.com\/profile.php?id=100063615338189","https:\/\/x.com\/SALTDating","https:\/\/www.instagram.com\/be_salt\/","https:\/\/www.youtube.com\/@be_salt","https:\/\/www.tiktok.com\/@ex_salt_him","https:\/\/www.be-salt.com"],"telephone":[],"openingHoursSpecification":[{"@type":"OpeningHoursSpecification","dayOfWeek":["Monday","Tuesday","Wednesday","Thursday","Friday","Saturday","Sunday"],"opens":"09:00","closes":"17:00"}]},{"@type":"ImageObject","inLanguage":"lt-LT","@id":"https:\/\/nrb.ttm.mybluehost.me\/about\/#local-main-organization-logo","url":"https:\/\/nrb.ttm.mybluehost.me\/wp-content\/uploads\/2024\/07\/SALTLOGO.png","contentUrl":"https:\/\/nrb.ttm.mybluehost.me\/wp-content\/uploads\/2024\/07\/SALTLOGO.png","width":350,"height":100,"caption":"SALT"}]}},"jetpack_sharing_enabled":true,"_links":{"self":[{"href":"https:\/\/nrb.ttm.mybluehost.me\/lt\/wp-json\/wp\/v2\/pages\/2","targetHints":{"allow":["GET"]}}],"collection":[{"href":"https:\/\/nrb.ttm.mybluehost.me\/lt\/wp-json\/wp\/v2\/pages"}],"about":[{"href":"https:\/\/nrb.ttm.mybluehost.me\/lt\/wp-json\/wp\/v2\/types\/page"}],"author":[{"embeddable":true,"href":"https:\/\/nrb.ttm.mybluehost.me\/lt\/wp-json\/wp\/v2\/users\/6"}],"replies":[{"embeddable":true,"href":"https:\/\/nrb.ttm.mybluehost.me\/lt\/wp-json\/wp\/v2\/comments?post=2"}],"version-history":[{"count":5,"href":"https:\/\/nrb.ttm.mybluehost.me\/lt\/wp-json\/wp\/v2\/pages\/2\/revisions"}],"predecessor-version":[{"id":3266,"href":"https:\/\/nrb.ttm.mybluehost.me\/lt\/wp-json\/wp\/v2\/pages\/2\/revisions\/3266"}],"wp:featuredmedia":[{"embeddable":true,"href":"https:\/\/nrb.ttm.mybluehost.me\/lt\/wp-json\/wp\/v2\/media\/93"}],"wp:attachment":[{"href":"https:\/\/nrb.ttm.mybluehost.me\/lt\/wp-json\/wp\/v2\/media?parent=2"}],"curies":[{"name":"wp","href":"https:\/\/api.w.org\/{rel}","templated":true}]}}