{"id":2,"date":"2024-06-01T16:50:53","date_gmt":"2024-06-01T16:50:53","guid":{"rendered":"https:\/\/nrb.ttm.mybluehost.me\/?page_id=2"},"modified":"2026-04-09T09:17:23","modified_gmt":"2026-04-09T09:17:23","slug":"a-propos-de","status":"publish","type":"page","link":"https:\/\/nrb.ttm.mybluehost.me\/fr\/about\/","title":{"rendered":"A propos de SALT"},"content":{"rendered":"<p>Qu'est-ce qui ne va pas avec les rencontres chr\u00e9tiennes ?! Tu as deux extr\u00eames. D'un c\u00f4t\u00e9, tu as des gens \u00e9tiquet\u00e9s comme \"chr\u00e9tiens\" qui sortent avec des gens comme le reste du monde. Ce sont les Tchadiens de l'\u00c9glise qui brisent les c\u0153urs et ignorent les limites en cours de route. \u00c0 l'autre extr\u00e9mit\u00e9, tu as des gens qui sur-spiritualisent les relations amoureuses. Ces chr\u00e9tiens ach\u00e8tent une bague apr\u00e8s leur troisi\u00e8me rendez-vous au caf\u00e9 et ont leur premier baiser \u00e0 leur mariage. Ceux d'entre nous qui se trouvent au milieu se sentent un peu perdus. Comment devons-nous sortir en tant que chr\u00e9tiens ? Qu'est-ce que la Bible a \u00e0 dire sur les rendez-vous galants ?<\/p>\n\n\n\n<h2 class=\"wp-block-heading\" id=\"h-salt-christian-dating-app\">SALT Application de rencontre chr\u00e9tienne<\/h2>\n\n\n\n<p>Qu'en est-il de nous ? Qui sommes-nous ? <a href=\"https:\/\/www.be-salt.com\/\" target=\"_blank\" rel=\"noreferrer noopener\">SALT<\/a> a \u00e9t\u00e9 fond\u00e9 pour offrir aux chr\u00e9tiens un meilleur moyen de se rencontrer, de sortir ensemble et de se marier. Nous avons pour mission de servir et de faciliter les parcours relationnels de plus de 500 millions de chr\u00e9tiens adultes c\u00e9libataires dans le monde. Et nous sommes des gens normaux, terre-\u00e0-terre, qui aiment J\u00e9sus. Nous pensons que les rencontres chr\u00e9tiennes se font mieux en communaut\u00e9. Nous ne sommes pas l\u00e0 pour te dire quoi faire. Nous cr\u00e9ons des opportunit\u00e9s pour que les chr\u00e9tiens c\u00e9libataires se connectent et discutent. Alors rejoins la conversation !<\/p>\n\n\n\n<h2 class=\"wp-block-heading\" id=\"h-you-want-to-do-dating-better\">Tu veux mieux faire des rencontres<\/h2>\n\n\n\n<p>Si tu es un chr\u00e9tien c\u00e9libataire qui esp\u00e8re trouver un conjoint un jour, ce blog est pour toi. Nous savons que le c\u00e9libat dans l'\u00e9glise peut craindre. Le mariage est mis sur un pi\u00e9destal. Nous savons aussi que les rencontres sont difficiles ! Mais le faire ensemble, c'est mieux.<\/p>\n\n\n\n<p>Alors, prends une tasse de th\u00e9. Assieds-toi et lis. Pourquoi ne pas commencer par <a href=\"https:\/\/nrb.ttm.mybluehost.me\/fr\/conseils-chretiens-sur-les-rencontres-qui-tournent-mal\/\" target=\"_blank\" rel=\"noreferrer noopener\">Des conseils de rencontres chr\u00e9tiennes qui tournent mal<\/a>.<\/p>\n\n\n\n<p>SALT est maintenant en ligne aux \u00c9tats-Unis, au Royaume-Uni, en Australie, en Nouvelle-Z\u00e9lande, en Afrique du Sud, au Canada, en Isra\u00ebl, en Cor\u00e9e du Sud, au Japon, au Br\u00e9sil, en Irlande, en Allemagne, en Suisse, en Autriche, en Espagne, en France, en Belgique, au Luxembourg, aux Pays-Bas, en Norv\u00e8ge, en Su\u00e8de, au Danemark, en Finlande, en Italie, au Portugal, en Croatie, en Lettonie, en Islande, en Hongrie, en Roumanie, en Moldavie, en Gr\u00e8ce, en Turquie, en Pologne, en R\u00e9publique tch\u00e8que, en Slovaquie, en Slov\u00e9nie, en Bulgarie, en Lituanie, \u00e0 Singapour, aux Philippines, au Mexique, en Argentine, en Colombie, en \u00c9quateur, au Paraguay, au P\u00e9rou, au Venezuela, en Bolivie et au Chili, et bient\u00f4t chez toi !<\/p>\n\n\n\n<p>Pourquoi pas <a href=\"https:\/\/onelink.to\/websiteurl\" target=\"_blank\" rel=\"noreferrer noopener\">t\u00e9l\u00e9charger SALT<\/a> pour rencontrer de charmants chr\u00e9tiens c\u00e9libataires aujourd'hui !<\/p>\n\n\n\n<h2 class=\"wp-block-heading\" id=\"h-latest-offers\">Derni\u00e8res offres<\/h2>\n\n\n\n<p>Tu peux maintenant acheter ton abonnement premium sur notre site web pour \u00e9conomiser jusqu'\u00e0 30%. SALT est gratuit pour s'inscrire, faire des matchs et chatter, mais tu peux d\u00e9bloquer des tas de fonctions g\u00e9niales avec un abonnement premium. <a href=\"https:\/\/www.be-salt.com\/premium\" target=\"_blank\" rel=\"noreferrer noopener\">abonnement premium<\/a> y compris la recherche globale, la possibilit\u00e9 de voir qui t'a aim\u00e9 et le mode incognito (n'\u00eatre vu que par les personnes que tu as aim\u00e9es).<\/p>","protected":false},"excerpt":{"rendered":"<p>What&#8217;s WRONG with Christian dating?! You get two extremes. At one end you have people labelled as &#8216;Christians&#8217; dating just as the world does. They are your Church Chad types breaking hearts and ignoring boundaries along the way. Then at the other end you get over-spiritualising dating. These Christians buy a ring after their third [&hellip;]<\/p>\n","protected":false},"author":6,"featured_media":93,"parent":0,"menu_order":0,"comment_status":"closed","ping_status":"closed","template":"","meta":{"footnotes":""},"class_list":["post-2","page","type-page","status-publish","has-post-thumbnail","hentry"],"yoast_head":"<!-- This site is optimized with the Yoast SEO Premium plugin v27.5 (Yoast SEO v27.5) - https:\/\/yoast.com\/product\/yoast-seo-premium-wordpress\/ -->\n<title>About SALT - SALT &amp; Life<\/title>\n<meta name=\"description\" content=\"About us (SALT Christian Dating App Blog). Christian dating is hard! Read along to do the Christian dating journey with friends.\" \/>\n<meta name=\"robots\" content=\"index, follow, max-snippet:-1, max-image-preview:large, max-video-preview:-1\" \/>\n<link rel=\"canonical\" href=\"https:\/\/nrb.ttm.mybluehost.me\/fr\/a-propos-de\/\" \/>\n<meta property=\"og:locale\" content=\"fr_FR\" \/>\n<meta property=\"og:type\" content=\"article\" \/>\n<meta property=\"og:title\" content=\"About SALT\" \/>\n<meta property=\"og:description\" content=\"About us (SALT Christian Dating App Blog). Christian dating is hard! Read along to do the Christian dating journey with friends.\" \/>\n<meta property=\"og:url\" content=\"https:\/\/nrb.ttm.mybluehost.me\/fr\/a-propos-de\/\" \/>\n<meta property=\"og:site_name\" content=\"SALT &amp; Life\" \/>\n<meta property=\"article:publisher\" content=\"https:\/\/www.facebook.com\/profile.php?id=100063615338189\" \/>\n<meta property=\"article:modified_time\" content=\"2026-04-09T09:17:23+00:00\" \/>\n<meta property=\"og:image\" content=\"https:\/\/nrb.ttm.mybluehost.me\/wp-content\/uploads\/2024\/07\/tea-first-date-scaled.jpg\" \/>\n\t<meta property=\"og:image:width\" content=\"1920\" \/>\n\t<meta property=\"og:image:height\" content=\"1442\" \/>\n\t<meta property=\"og:image:type\" content=\"image\/jpeg\" \/>\n<meta name=\"twitter:card\" content=\"summary_large_image\" \/>\n<meta name=\"twitter:site\" content=\"@SALTDating\" \/>\n<meta name=\"twitter:label1\" content=\"Dur\u00e9e de lecture estim\u00e9e\" \/>\n\t<meta name=\"twitter:data1\" content=\"2 minutes\" \/>\n<script type=\"application\/ld+json\" class=\"yoast-schema-graph\">{\"@context\":\"https:\\\/\\\/schema.org\",\"@graph\":[{\"@type\":\"WebPage\",\"@id\":\"https:\\\/\\\/nrb.ttm.mybluehost.me\\\/about\\\/\",\"url\":\"https:\\\/\\\/nrb.ttm.mybluehost.me\\\/about\\\/\",\"name\":\"About SALT - SALT &amp; Life\",\"isPartOf\":{\"@id\":\"https:\\\/\\\/nrb.ttm.mybluehost.me\\\/#website\"},\"primaryImageOfPage\":{\"@id\":\"https:\\\/\\\/nrb.ttm.mybluehost.me\\\/about\\\/#primaryimage\"},\"image\":{\"@id\":\"https:\\\/\\\/nrb.ttm.mybluehost.me\\\/about\\\/#primaryimage\"},\"thumbnailUrl\":\"https:\\\/\\\/nrb.ttm.mybluehost.me\\\/wp-content\\\/uploads\\\/2024\\\/07\\\/tea-first-date-scaled.jpg\",\"datePublished\":\"2024-06-01T16:50:53+00:00\",\"dateModified\":\"2026-04-09T09:17:23+00:00\",\"description\":\"About us (SALT Christian Dating App Blog). Christian dating is hard! Read along to do the Christian dating journey with friends.\",\"breadcrumb\":{\"@id\":\"https:\\\/\\\/nrb.ttm.mybluehost.me\\\/about\\\/#breadcrumb\"},\"inLanguage\":\"fr-FR\",\"potentialAction\":[{\"@type\":\"ReadAction\",\"target\":[\"https:\\\/\\\/nrb.ttm.mybluehost.me\\\/about\\\/\"]}]},{\"@type\":\"ImageObject\",\"inLanguage\":\"fr-FR\",\"@id\":\"https:\\\/\\\/nrb.ttm.mybluehost.me\\\/about\\\/#primaryimage\",\"url\":\"https:\\\/\\\/nrb.ttm.mybluehost.me\\\/wp-content\\\/uploads\\\/2024\\\/07\\\/tea-first-date-scaled.jpg\",\"contentUrl\":\"https:\\\/\\\/nrb.ttm.mybluehost.me\\\/wp-content\\\/uploads\\\/2024\\\/07\\\/tea-first-date-scaled.jpg\",\"width\":1920,\"height\":1442,\"caption\":\"Cafe perfect for christian dating\"},{\"@type\":\"BreadcrumbList\",\"@id\":\"https:\\\/\\\/nrb.ttm.mybluehost.me\\\/about\\\/#breadcrumb\",\"itemListElement\":[{\"@type\":\"ListItem\",\"position\":1,\"name\":\"Home\",\"item\":\"https:\\\/\\\/nrb.ttm.mybluehost.me\\\/\"},{\"@type\":\"ListItem\",\"position\":2,\"name\":\"About SALT\"}]},{\"@type\":\"WebSite\",\"@id\":\"https:\\\/\\\/nrb.ttm.mybluehost.me\\\/#website\",\"url\":\"https:\\\/\\\/nrb.ttm.mybluehost.me\\\/\",\"name\":\"Christian Dating with SALT\",\"description\":\"Godly dating advice for single Christians by SALT\",\"publisher\":{\"@id\":\"https:\\\/\\\/nrb.ttm.mybluehost.me\\\/#organization\"},\"potentialAction\":[{\"@type\":\"SearchAction\",\"target\":{\"@type\":\"EntryPoint\",\"urlTemplate\":\"https:\\\/\\\/nrb.ttm.mybluehost.me\\\/?s={search_term_string}\"},\"query-input\":{\"@type\":\"PropertyValueSpecification\",\"valueRequired\":true,\"valueName\":\"search_term_string\"}}],\"inLanguage\":\"fr-FR\"},{\"@type\":[\"Organization\",\"Place\"],\"@id\":\"https:\\\/\\\/nrb.ttm.mybluehost.me\\\/#organization\",\"name\":\"SALT\",\"url\":\"https:\\\/\\\/nrb.ttm.mybluehost.me\\\/\",\"logo\":{\"@id\":\"https:\\\/\\\/nrb.ttm.mybluehost.me\\\/about\\\/#local-main-organization-logo\"},\"image\":{\"@id\":\"https:\\\/\\\/nrb.ttm.mybluehost.me\\\/about\\\/#local-main-organization-logo\"},\"sameAs\":[\"https:\\\/\\\/www.facebook.com\\\/profile.php?id=100063615338189\",\"https:\\\/\\\/x.com\\\/SALTDating\",\"https:\\\/\\\/www.instagram.com\\\/be_salt\\\/\",\"https:\\\/\\\/www.youtube.com\\\/@be_salt\",\"https:\\\/\\\/www.tiktok.com\\\/@ex_salt_him\",\"https:\\\/\\\/www.be-salt.com\"],\"telephone\":[],\"openingHoursSpecification\":[{\"@type\":\"OpeningHoursSpecification\",\"dayOfWeek\":[\"Monday\",\"Tuesday\",\"Wednesday\",\"Thursday\",\"Friday\",\"Saturday\",\"Sunday\"],\"opens\":\"09:00\",\"closes\":\"17:00\"}]},{\"@type\":\"ImageObject\",\"inLanguage\":\"fr-FR\",\"@id\":\"https:\\\/\\\/nrb.ttm.mybluehost.me\\\/about\\\/#local-main-organization-logo\",\"url\":\"https:\\\/\\\/nrb.ttm.mybluehost.me\\\/wp-content\\\/uploads\\\/2024\\\/07\\\/SALTLOGO.png\",\"contentUrl\":\"https:\\\/\\\/nrb.ttm.mybluehost.me\\\/wp-content\\\/uploads\\\/2024\\\/07\\\/SALTLOGO.png\",\"width\":350,\"height\":100,\"caption\":\"SALT\"}]}<\/script>\n<!-- \/ Yoast SEO Premium plugin. -->","yoast_head_json":{"title":"A propos de SALT - SALT &amp; Life","description":"\u00c0 propos de nous (SALT Christian Dating App Blog). Les rencontres chr\u00e9tiennes sont difficiles ! Lis la suite pour faire le voyage des rencontres chr\u00e9tiennes avec des amis.","robots":{"index":"index","follow":"follow","max-snippet":"max-snippet:-1","max-image-preview":"max-image-preview:large","max-video-preview":"max-video-preview:-1"},"canonical":"https:\/\/nrb.ttm.mybluehost.me\/fr\/a-propos-de\/","og_locale":"fr_FR","og_type":"article","og_title":"About SALT","og_description":"About us (SALT Christian Dating App Blog). Christian dating is hard! Read along to do the Christian dating journey with friends.","og_url":"https:\/\/nrb.ttm.mybluehost.me\/fr\/a-propos-de\/","og_site_name":"SALT &amp; Life","article_publisher":"https:\/\/www.facebook.com\/profile.php?id=100063615338189","article_modified_time":"2026-04-09T09:17:23+00:00","og_image":[{"width":1920,"height":1442,"url":"https:\/\/nrb.ttm.mybluehost.me\/wp-content\/uploads\/2024\/07\/tea-first-date-scaled.jpg","type":"image\/jpeg"}],"twitter_card":"summary_large_image","twitter_site":"@SALTDating","twitter_misc":{"Dur\u00e9e de lecture estim\u00e9e":"2 minutes"},"schema":{"@context":"https:\/\/schema.org","@graph":[{"@type":"WebPage","@id":"https:\/\/nrb.ttm.mybluehost.me\/about\/","url":"https:\/\/nrb.ttm.mybluehost.me\/about\/","name":"A propos de SALT - SALT &amp; Life","isPartOf":{"@id":"https:\/\/nrb.ttm.mybluehost.me\/#website"},"primaryImageOfPage":{"@id":"https:\/\/nrb.ttm.mybluehost.me\/about\/#primaryimage"},"image":{"@id":"https:\/\/nrb.ttm.mybluehost.me\/about\/#primaryimage"},"thumbnailUrl":"https:\/\/nrb.ttm.mybluehost.me\/wp-content\/uploads\/2024\/07\/tea-first-date-scaled.jpg","datePublished":"2024-06-01T16:50:53+00:00","dateModified":"2026-04-09T09:17:23+00:00","description":"\u00c0 propos de nous (SALT Christian Dating App Blog). Les rencontres chr\u00e9tiennes sont difficiles ! Lis la suite pour faire le voyage des rencontres chr\u00e9tiennes avec des amis.","breadcrumb":{"@id":"https:\/\/nrb.ttm.mybluehost.me\/about\/#breadcrumb"},"inLanguage":"fr-FR","potentialAction":[{"@type":"ReadAction","target":["https:\/\/nrb.ttm.mybluehost.me\/about\/"]}]},{"@type":"ImageObject","inLanguage":"fr-FR","@id":"https:\/\/nrb.ttm.mybluehost.me\/about\/#primaryimage","url":"https:\/\/nrb.ttm.mybluehost.me\/wp-content\/uploads\/2024\/07\/tea-first-date-scaled.jpg","contentUrl":"https:\/\/nrb.ttm.mybluehost.me\/wp-content\/uploads\/2024\/07\/tea-first-date-scaled.jpg","width":1920,"height":1442,"caption":"Cafe perfect for christian dating"},{"@type":"BreadcrumbList","@id":"https:\/\/nrb.ttm.mybluehost.me\/about\/#breadcrumb","itemListElement":[{"@type":"ListItem","position":1,"name":"Home","item":"https:\/\/nrb.ttm.mybluehost.me\/"},{"@type":"ListItem","position":2,"name":"About SALT"}]},{"@type":"WebSite","@id":"https:\/\/nrb.ttm.mybluehost.me\/#website","url":"https:\/\/nrb.ttm.mybluehost.me\/","name":"Rencontres chr\u00e9tiennes avec SALT","description":"Conseils de rencontres pieuses pour les chr\u00e9tiens c\u00e9libataires par SALT","publisher":{"@id":"https:\/\/nrb.ttm.mybluehost.me\/#organization"},"potentialAction":[{"@type":"SearchAction","target":{"@type":"EntryPoint","urlTemplate":"https:\/\/nrb.ttm.mybluehost.me\/?s={search_term_string}"},"query-input":{"@type":"PropertyValueSpecification","valueRequired":true,"valueName":"search_term_string"}}],"inLanguage":"fr-FR"},{"@type":["Organization","Place"],"@id":"https:\/\/nrb.ttm.mybluehost.me\/#organization","name":"SALT","url":"https:\/\/nrb.ttm.mybluehost.me\/","logo":{"@id":"https:\/\/nrb.ttm.mybluehost.me\/about\/#local-main-organization-logo"},"image":{"@id":"https:\/\/nrb.ttm.mybluehost.me\/about\/#local-main-organization-logo"},"sameAs":["https:\/\/www.facebook.com\/profile.php?id=100063615338189","https:\/\/x.com\/SALTDating","https:\/\/www.instagram.com\/be_salt\/","https:\/\/www.youtube.com\/@be_salt","https:\/\/www.tiktok.com\/@ex_salt_him","https:\/\/www.be-salt.com"],"telephone":[],"openingHoursSpecification":[{"@type":"OpeningHoursSpecification","dayOfWeek":["Monday","Tuesday","Wednesday","Thursday","Friday","Saturday","Sunday"],"opens":"09:00","closes":"17:00"}]},{"@type":"ImageObject","inLanguage":"fr-FR","@id":"https:\/\/nrb.ttm.mybluehost.me\/about\/#local-main-organization-logo","url":"https:\/\/nrb.ttm.mybluehost.me\/wp-content\/uploads\/2024\/07\/SALTLOGO.png","contentUrl":"https:\/\/nrb.ttm.mybluehost.me\/wp-content\/uploads\/2024\/07\/SALTLOGO.png","width":350,"height":100,"caption":"SALT"}]}},"jetpack_sharing_enabled":true,"_links":{"self":[{"href":"https:\/\/nrb.ttm.mybluehost.me\/fr\/wp-json\/wp\/v2\/pages\/2","targetHints":{"allow":["GET"]}}],"collection":[{"href":"https:\/\/nrb.ttm.mybluehost.me\/fr\/wp-json\/wp\/v2\/pages"}],"about":[{"href":"https:\/\/nrb.ttm.mybluehost.me\/fr\/wp-json\/wp\/v2\/types\/page"}],"author":[{"embeddable":true,"href":"https:\/\/nrb.ttm.mybluehost.me\/fr\/wp-json\/wp\/v2\/users\/6"}],"replies":[{"embeddable":true,"href":"https:\/\/nrb.ttm.mybluehost.me\/fr\/wp-json\/wp\/v2\/comments?post=2"}],"version-history":[{"count":5,"href":"https:\/\/nrb.ttm.mybluehost.me\/fr\/wp-json\/wp\/v2\/pages\/2\/revisions"}],"predecessor-version":[{"id":3266,"href":"https:\/\/nrb.ttm.mybluehost.me\/fr\/wp-json\/wp\/v2\/pages\/2\/revisions\/3266"}],"wp:featuredmedia":[{"embeddable":true,"href":"https:\/\/nrb.ttm.mybluehost.me\/fr\/wp-json\/wp\/v2\/media\/93"}],"wp:attachment":[{"href":"https:\/\/nrb.ttm.mybluehost.me\/fr\/wp-json\/wp\/v2\/media?parent=2"}],"curies":[{"name":"wp","href":"https:\/\/api.w.org\/{rel}","templated":true}]}}